{"id":835,"date":"2018-05-15T18:34:49","date_gmt":"2018-05-15T18:34:49","guid":{"rendered":"https:\/\/ageofcentraltx.org\/?page_id=835"},"modified":"2020-05-27T17:01:06","modified_gmt":"2020-05-27T17:01:06","slug":"espanol","status":"publish","type":"page","link":"https:\/\/ageofcentraltx.org\/index.php\/espanol\/","title":{"rendered":"Se Habla Espa\u00f1ol"},"content":{"rendered":"\t\t<div data-elementor-type=\"wp-post\" data-elementor-id=\"835\" class=\"elementor elementor-835\" data-elementor-post-type=\"page\">\n\t\t\t\t\t\t<section class=\"elementor-section elementor-top-section elementor-element elementor-element-9451c87 elementor-section-boxed elementor-section-height-default elementor-section-height-default\" data-id=\"9451c87\" data-element_type=\"section\" data-e-type=\"section\">\n\t\t\t\t\t\t<div class=\"elementor-container elementor-column-gap-default\">\n\t\t\t\t\t<div class=\"elementor-column elementor-col-100 elementor-top-column elementor-element elementor-element-ace6159\" data-id=\"ace6159\" data-element_type=\"column\" data-e-type=\"column\">\n\t\t\t<div class=\"elementor-widget-wrap elementor-element-populated\">\n\t\t\t\t\t\t<div class=\"elementor-element elementor-element-f6e9d8a elementor-widget elementor-widget-heading\" data-id=\"f6e9d8a\" data-element_type=\"widget\" data-e-type=\"widget\" data-widget_type=\"heading.default\">\n\t\t\t\t<div class=\"elementor-widget-container\">\n\t\t\t\t\t<h4 class=\"elementor-heading-title elementor-size-default\">Se Habla Espa\u00f1ol<\/h4>\t\t\t\t<\/div>\n\t\t\t\t<\/div>\n\t\t\t\t<div class=\"elementor-element elementor-element-6e10784 elementor-widget-divider--view-line elementor-widget elementor-widget-divider\" data-id=\"6e10784\" data-element_type=\"widget\" data-e-type=\"widget\" data-widget_type=\"divider.default\">\n\t\t\t\t<div class=\"elementor-widget-container\">\n\t\t\t\t\t\t\t<div class=\"elementor-divider\">\n\t\t\t<span class=\"elementor-divider-separator\">\n\t\t\t\t\t\t<\/span>\n\t\t<\/div>\n\t\t\t\t\t\t<\/div>\n\t\t\t\t<\/div>\n\t\t\t\t\t<\/div>\n\t\t<\/div>\n\t\t\t\t\t<\/div>\n\t\t<\/section>\n\t\t\t\t<section class=\"elementor-section elementor-top-section elementor-element elementor-element-5e681583 elementor-section-boxed elementor-section-height-default elementor-section-height-default\" data-id=\"5e681583\" data-element_type=\"section\" data-e-type=\"section\">\n\t\t\t\t\t\t<div class=\"elementor-container elementor-column-gap-default\">\n\t\t\t\t\t<div class=\"elementor-column elementor-col-100 elementor-top-column elementor-element elementor-element-30662105\" data-id=\"30662105\" data-element_type=\"column\" data-e-type=\"column\">\n\t\t\t<div class=\"elementor-widget-wrap elementor-element-populated\">\n\t\t\t\t\t\t<div class=\"elementor-element elementor-element-50caff00 elementor-widget elementor-widget-text-editor\" data-id=\"50caff00\" data-element_type=\"widget\" data-e-type=\"widget\" data-widget_type=\"text-editor.default\">\n\t\t\t\t<div class=\"elementor-widget-container\">\n\t\t\t\t\t\t\t\t\t<div class=\"tw-ta-container tw-nfl\" id=\"tw-target-text-container\"><p class=\"plain16\"><span>AGE of Central Texas ofrece una variedad de servicios para adultos mayores y sus cuidadores para que la jornada a la edad dorada sea positiva y exitosa para todos. Tenemos personal disponible que habla espa\u00f1ol para apoyarlo. Para aprender m\u00e1s y obtener nuestros servicios, contacte a AGE of Central Texas\u00a0al 512-451-4611 o\u00a0<a href=\"mailto:info@ageofcentraltx.org\" target=\"_blank\" rel=\"noopener\">info@ageofcentraltx.org<\/a>\u00a0hoy mismo.<\/span><\/p><p class=\"plain16\"><span><strong>C<\/strong><strong>UIDADO DE\u00a0<\/strong><strong>S<\/strong><strong>ALUD\u00a0<\/strong><strong>D<\/strong><strong>IURNO\u00a0<\/strong><strong>P<\/strong><strong>ARA\u00a0<\/strong><strong>A<\/strong><strong>DULTOS\u00a0\u00a0\u00a0\u00a0\u00a0\u00a0\u00a0<\/strong><strong>A<\/strong><strong>USTIN<\/strong><strong>: 512-458-6305\u00a0\u00a0\u00a0\u00a0\u00a0\u00a0\u00a0 R<\/strong><strong>OUND\u00a0<\/strong><strong>R<\/strong><strong>OCK<\/strong><strong>: 512-255-4865<\/strong><\/span><\/p><ul class=\"plain16\"><li><span>Los \u00fanicos centros de cuidado de salud diurno para adultos en el \u00e1rea central de Texas que tienen licencia, son seguros y ofrecen servicios para adultos mayores con necesidades f\u00edsicas o mentales<\/span><\/li><li><span>Se especializan en el cuidado de personas con demencia o p\u00e9rdida de la memoria<\/span><\/li><li><span>Centros en Austin y Round Rock, abiertos de lunes a viernes de 7:00 am a 5:30 pm<\/span><\/li><li><span>En cada centro hay una enfermera para ayudar con el manejo de medicamentos y monitoreo de salud<\/span><\/li><li><span>Actividades dise\u00f1adas para envolver el cuerpo y la mente, tales como m\u00fasica, promoci\u00f3n de actividad mental y f\u00edsicia y m\u00e1s<\/span><\/li><li><span>Todo incluido: actividades, comidas y botanas saludables, opciones de transporte<\/span><\/li><\/ul><p align=\"center\"><span><em>AGE del Centro de Texas es un proveedor de servicios que no discrimina<\/em><\/span><\/p><p class=\"plain16\"><span><strong>C<\/strong><strong>APACITACI\u00d3N Y\u00a0<\/strong><strong>R<\/strong><strong>ECURSOS\u00a0<\/strong><strong>P<\/strong><strong>ARA\u00a0<\/strong><strong>C<\/strong><strong>UIDADORES<\/strong><\/span><\/p><ul class=\"plain16\"><li><span>Ayuda personalizada y consejos gratuitos por tel\u00e9fono, email o en persona sin necesidad de cita<\/span><\/li><li><span>Seminarios y conferencias educativas gratuitas con disponibilidad de servicios de cuidado<\/span><\/li><li><span>Grupo de desahogo gratuito el 4\u00ba mi\u00e9rcoles de cada mes<\/span><\/li><\/ul><p class=\"plain16\"><strong>CAREGIVER U<\/strong><\/p><ul class=\"plain16\"><li><span>Cursos gratuitos basados en pruebas pr\u00e1cticas que se ofrecen en los condados de Travis, Williamson, Hays y Bastrop para cuidadores familiares que no sean profesionales.\u00a0<\/span><\/li><li><span>Para horarios de clases, vea\u00a0<a href=\"http:\/\/www.caregiverucentx.org\/\" data-wplink-edit=\"true\">www.CaregiverUcenTX.org<\/a><\/span><\/li><\/ul><p class=\"plain16\"><span><strong>P<\/strong><strong>R\u00c9STAMO\u00a0<\/strong><strong>D<\/strong><strong>E\u00a0<\/strong><strong>E<\/strong><strong>QUIPO\u00a0<\/strong><strong>D<\/strong><strong>E\u00a0<\/strong><strong>S<\/strong><strong>ALUD<\/strong><\/span><\/p><ul class=\"plain16\"><li><span>Se ofrece equipo m\u00e9dico durable en buenas condiciones y productos de incontinencia<strong>\u00a0gratis<\/strong><\/span><\/li><li><span>Para m\u00e1s informaci\u00f3n de equipos medicos disponibles, por favor llame a 512-600-9288 o mande un email\u00a0<a href=\"mailto:help@ageofcentraltx.org\">help@ageofcentraltx.org<\/a><\/span><\/li><\/ul><p class=\"plain16\"><span><strong>N\u00famero Central<\/strong>\u00a0<strong>512-451-4611<\/strong><\/span><\/p><p class=\"plain16\"><span><strong>Oficina Central y Centro de Salud Diurno Para Adultos de Austin<\/strong><\/span><br \/><span>3710 Cedar Street, Box 2, Austin TX 78705<\/span><\/p><p class=\"plain16\"><span><strong>Centro de Salud Diurno Para Adultos de Round Rock<\/strong><\/span><br \/><span>475 Round Rock West Drive, #120, Round Rock TX 78681<\/span><\/p><pre class=\"tw-data-text tw-ta tw-text-medium\" lang=\"es\"><\/pre><\/div>\t\t\t\t\t\t\t\t<\/div>\n\t\t\t\t<\/div>\n\t\t\t\t\t<\/div>\n\t\t<\/div>\n\t\t\t\t\t<\/div>\n\t\t<\/section>\n\t\t\t\t<\/div>\n\t\t","protected":false},"excerpt":{"rendered":"<p>Se Habla Espa\u00f1ol AGE of Central Texas ofrece una variedad de servicios para adultos mayores y sus cuidadores para que la jornada a la edad dorada sea positiva y exitosa para todos. Tenemos personal disponible que habla espa\u00f1ol para apoyarlo. Para aprender m\u00e1s y obtener nuestros servicios, contacte a AGE<a class=\"moretag\" href=\"https:\/\/ageofcentraltx.org\/index.php\/espanol\/\"> Read more<\/a><\/p>\n","protected":false},"author":2,"featured_media":0,"parent":0,"menu_order":0,"comment_status":"closed","ping_status":"closed","template":"","meta":{"footnotes":""},"class_list":["post-835","page","type-page","status-publish","hentry"],"_links":{"self":[{"href":"https:\/\/ageofcentraltx.org\/index.php\/wp-json\/wp\/v2\/pages\/835","targetHints":{"allow":["GET"]}}],"collection":[{"href":"https:\/\/ageofcentraltx.org\/index.php\/wp-json\/wp\/v2\/pages"}],"about":[{"href":"https:\/\/ageofcentraltx.org\/index.php\/wp-json\/wp\/v2\/types\/page"}],"author":[{"embeddable":true,"href":"https:\/\/ageofcentraltx.org\/index.php\/wp-json\/wp\/v2\/users\/2"}],"replies":[{"embeddable":true,"href":"https:\/\/ageofcentraltx.org\/index.php\/wp-json\/wp\/v2\/comments?post=835"}],"version-history":[{"count":0,"href":"https:\/\/ageofcentraltx.org\/index.php\/wp-json\/wp\/v2\/pages\/835\/revisions"}],"wp:attachment":[{"href":"https:\/\/ageofcentraltx.org\/index.php\/wp-json\/wp\/v2\/media?parent=835"}],"curies":[{"name":"wp","href":"https:\/\/api.w.org\/{rel}","templated":true}]}}